{"id":3241,"date":"2025-03-04T01:40:15","date_gmt":"2025-03-04T01:40:15","guid":{"rendered":"https:\/\/igs-hf.org\/?page_id=3241"},"modified":"2025-03-20T08:56:53","modified_gmt":"2025-03-20T08:56:53","slug":"wochenend-programm","status":"publish","type":"page","link":"https:\/\/igs-hf.org\/de\/wochenend-programm\/","title":{"rendered":"Weekend Registration"},"content":{"rendered":"\n<div class=\"wp-block-greenshift-blocks-container gspb_container gspb_container-gsbp-69400af\" id=\"gspb_container-id-gsbp-69400af\"><div class=\"gspb_backgroundOverlay\"><\/div>\n<h1 id=\"gspb_heading-id-gsbp-8f0e026\" class=\"gspb_heading gspb_heading-id-gsbp-8f0e026 \">Wochenend-Grundschule<br><br>Registrierung<\/h1>\n<\/div>\n\n\n\n<div class=\"wp-block-greenshift-blocks-container gspb_container gspb_container-gsbp-052959e\" id=\"gspb_container-id-gsbp-052959e\">\n<p><\/p>\n<\/div>\n\n\n\n<div class=\"wp-block-greenshift-blocks-container alignwide gspb_container gspb_container-gsbp-e59623b\" id=\"gspb_container-id-gsbp-e59623b\">\n<div class=\"wp-block-greenshift-blocks-container gspb_container gspb_container-gsbp-3bc8587\" id=\"gspb_container-id-gsbp-3bc8587\">\n<div style=\"height:100px\" aria-hidden=\"true\" class=\"wp-block-spacer\"><\/div>\n<\/div>\n\n\n\n<div class=\"wp-block-greenshift-blocks-container gspb_container gspb_container-gsbp-63879e2\" id=\"gspb_container-id-gsbp-63879e2\">\n<h4 id=\"gspb_heading-id-gsbp-16fd0e2\" class=\"gspb_heading gspb_heading-id-gsbp-16fd0e2 \">Wochenend-Grundschule<\/h4>\n\n\n\n<div id=\"gspb_heading-id-gsbp-5622bc2\" class=\"gspb_heading gspb_heading-id-gsbp-5622bc2 \">(for Kinder im Alter von  7 &#8211; 12 Jahren)<\/div>\n\n\n\n<div id=\"gspb_text-id-gsbp-fdf1f36\" class=\"gspb_text gspb_text-id-gsbp-fdf1f36 \">Begleitet uns auf eine spannende Entdeckungsreise: \u00a0Wir erkunden die faszinierende Unterwasserwelt, die Erde unter unseren F\u00fc\u00dfen, die Luft \u00fcber uns und sogar den Weltraum.<br><br>Auf dieser Reise stellen wir auch unser didaktisches Konzept vor:<br><strong>Lernlandschaften<\/strong> \u2013 ein sch\u00fclerzentrierter Ansatz, der Neugier weckt und ein tiefes Verst\u00e4ndnis f\u00f6rdert.<br><br>Und nat\u00fcrlich sind auch die Eltern der Grundschule herzlich zum Kaffee auf der Terrasse im Garten oder im Restaurant eingeladen, w\u00e4hrend sich die kleinen Forscher mit den gro\u00dfen Fragen der Natur besch\u00e4ftigen.<br><br><strong>Jeden Samstag im M\u00e4rz von 09:00 bis 11:30 Uhr<\/strong><br><br>Themen im \u00dcberblick:<br><em>8. M\u00e4rz <\/em>\u2013 Leben und Wissenschaft unter Wasser<br><em>15. M\u00e4rz <\/em>\u2013 Entdeckungen auf der Erdoberfl\u00e4che<br><em>22. M\u00e4rz<\/em> \u2013 Erforschung von Luft und Atmosph\u00e4re<br><em>29. M\u00e4rz<\/em> \u2013 Den Weltraum verstehen<br><br><\/div>\n\n\n\n<div id=\"gspb_text-id-gsbp-6c24b63\" class=\"gspb_text gspb_text-id-gsbp-6c24b63 \"><a href=\"https:\/\/forms.office.com\/Pages\/ResponsePage.aspx?id=xdfdXpccUEGP8gw8EP_oHEh2fgeaP3hLp8h5-x9VtBNUM1BMMDdJWk9WMEFDQzg3Ukk2Q0kxVjlBOS4u\">Registrierung<\/a><\/div>\n<\/div>\n<\/div>\n\n\n\n<div class=\"wp-block-greenshift-blocks-container gspb_container gspb_container-gsbp-963b510\" id=\"gspb_container-id-gsbp-963b510\">\n<p><\/p>\n<\/div>\n","protected":false},"excerpt":{"rendered":"<p>Wochenend-GrundschuleRegistrierung Wochenend-Grundschule (for Kinder im Alter von 7 &#8211; 12 Jahren) Begleitet uns &#8230; <a title=\"Weekend Registration\" class=\"read-more\" href=\"https:\/\/igs-hf.org\/de\/wochenend-programm\/\" aria-label=\"Read more about Weekend Registration\">Weiterlesen &#8230;<\/a><\/p>\n","protected":false},"author":4,"featured_media":0,"parent":0,"menu_order":0,"comment_status":"closed","ping_status":"closed","template":"","meta":{"_acf_changed":false,"_gspb_post_css":".gspb_container-id-gsbp-052959e,.gspb_container-id-gsbp-3bc8587,.gspb_container-id-gsbp-63879e2,.gspb_container-id-gsbp-69400af,.gspb_container-id-gsbp-e59623b{flex-direction:column;box-sizing:border-box}#gspb_container-id-gsbp-052959e.gspb_container>p:last-of-type,#gspb_container-id-gsbp-3bc8587.gspb_container>p:last-of-type,#gspb_container-id-gsbp-63879e2.gspb_container>p:last-of-type,#gspb_container-id-gsbp-69400af.gspb_container>p:last-of-type,#gspb_container-id-gsbp-963b510.gspb_container>p:last-of-type,#gspb_container-id-gsbp-e59623b.gspb_container>p:last-of-type{margin-bottom:0}#gspb_container-id-gsbp-69400af.gspb_container{position:relative;background-size:cover;background-position:50% 54%}@media (max-width:991.98px){#gspb_container-id-gsbp-69400af.gspb_container{background-position:51% 34%}}#gspb_container-id-gsbp-69400af.gspb_container{background-image:url(https:\/\/igs-hf.org\/wp-content\/uploads\/2024\/08\/placehold-hero2-1.png)}@media (max-width:991.98px){#gspb_container-id-gsbp-69400af.gspb_container{background-image:url(https:\/\/igs-hf.org\/wp-content\/uploads\/2024\/07\/placehold-grass.png)}}#gspb_container-id-gsbp-69400af.gspb_container:hover{background-size:cover}#gspb_container-id-gsbp-69400af.gspb_container>.gspb_backgroundOverlay{position:absolute;top:0;left:0;width:100%;height:100%;z-index:-1;background-color:#20282edb}#gspb_container-id-gsbp-69400af.gspb_container{isolation:isolate}body.gspb-bodyfront #gspb_container-id-gsbp-69400af.gspb_container{width:100%}#gspb_heading-id-gsbp-8f0e026{font-family:BarlowLocal,sans-serif;text-align:center!important;color:var(--wp--preset--color--base-3, var(--base-3));padding:10rem 2rem}#gspb_heading-id-gsbp-8f0e026 .gsap-g-line{text-align:center!important}#gspb_container-id-gsbp-052959e.gspb_container,#gspb_container-id-gsbp-e59623b.gspb_container{position:relative}#gspb_container-id-gsbp-e59623b.gspb_container{display:grid;grid-template-columns:repeat(5,minmax(0,1fr));row-gap:20px;column-gap:20px}@media (max-width:575.98px){#gspb_container-id-gsbp-e59623b.gspb_container{grid-template-columns:repeat(1,minmax(0,1fr))}}#gspb_container-id-gsbp-e59623b.gspb_container{margin-right:auto;margin-bottom:0;margin-left:auto;padding-bottom:8rem}body.gspb-bodyfront #gspb_container-id-gsbp-e59623b.gspb_container{max-width:1200px}#gspb_container-id-gsbp-3bc8587.gspb_container{position:relative;background-size:cover;background-repeat:no-repeat;background-position:58% 64%}body.gspb-bodyfront #gspb_container-id-gsbp-3bc8587.gspb_container{grid-column-start:3;grid-column-end:6;grid-row-start:1;grid-row-end:6}@media (max-width:575.98px){body.gspb-bodyfront #gspb_container-id-gsbp-3bc8587.gspb_container{grid-column-start:1;grid-column-end:2;grid-row-start:1;grid-row-end:6}}@media (max-width:575.98px){#gspb_container-id-gsbp-3bc8587.gspb_container{background-size:cover}}#gspb_container-id-gsbp-3bc8587.gspb_container{background-image:url(https:\/\/igs-hf.org\/wp-content\/uploads\/2025\/03\/DSCF8700-scaled.jpg)}#gspb_container-id-gsbp-3bc8587.gspb_container:hover{background-size:cover}@media (max-width:575.98px){#gspb_container-id-gsbp-3bc8587.gspb_container:hover{background-size:cover}}body.gspb-bodyfront #gspb_container-id-gsbp-3bc8587.gspb_container{min-height:600px}@media (max-width:575.98px){body.gspb-bodyfront #gspb_container-id-gsbp-3bc8587.gspb_container{min-height:400px}}#gspb_container-id-gsbp-63879e2.gspb_container{position:relative;box-shadow:0 15px 30px 0 rgba(119,123,146,.1);padding:35px}body.gspb-bodyfront #gspb_container-id-gsbp-63879e2.gspb_container{grid-column-start:1;grid-column-end:4;grid-row-start:2;grid-row-end:5}@media (max-width:575.98px){body.gspb-bodyfront #gspb_container-id-gsbp-63879e2.gspb_container{grid-column-start:1;grid-column-end:2;grid-row-start:5;grid-row-end:8}}@media (max-width:575.98px){#gspb_container-id-gsbp-63879e2.gspb_container{margin-right:1rem;margin-left:1rem;padding:2rem}}#gspb_container-id-gsbp-63879e2.gspb_container{background-color:var(--wp--preset--color--base-3, var(--base-3))}#gspb_heading-id-gsbp-16fd0e2{font-family:BarlowLocal,sans-serif;margin-bottom:0}.gspb_text-id-gsbp-fdf1f36{letter-spacing:.25px;padding-top:2rem!important}.gspb_text-id-gsbp-6c24b63{cursor:pointer;text-decoration:none;padding:.5rem 1rem!important;width:fit-content;border-top-left-radius:4px;border-top-right-radius:4px;border-bottom-right-radius:4px;border-bottom-left-radius:4px;background-color:var(--wp--preset--color--contrast-3, var(--contrast-3))}.gspb_text-id-gsbp-6c24b63 a{text-decoration:none}.gspb_text-id-gsbp-6c24b63,.gspb_text-id-gsbp-6c24b63 .wp-block a,.gspb_text-id-gsbp-6c24b63 .wp-block a:hover,.gspb_text-id-gsbp-6c24b63 a,.gspb_text-id-gsbp-6c24b63 a:hover,.gspb_text-id-gsbp-6c24b63:hover{color:var(--wp--preset--color--base-3, var(--base-3))}.gspb_text-id-gsbp-6c24b63:hover{background-color:var(--wp--preset--color--hover, var(--hover))!important}.gspb_container-id-gsbp-963b510{flex-direction:column;box-sizing:border-box}#gspb_container-id-gsbp-963b510.gspb_container{position:relative}","footnotes":""},"class_list":["post-3241","page","type-page","status-publish"],"acf":[],"_links":{"self":[{"href":"https:\/\/igs-hf.org\/de\/wp-json\/wp\/v2\/pages\/3241","targetHints":{"allow":["GET"]}}],"collection":[{"href":"https:\/\/igs-hf.org\/de\/wp-json\/wp\/v2\/pages"}],"about":[{"href":"https:\/\/igs-hf.org\/de\/wp-json\/wp\/v2\/types\/page"}],"author":[{"embeddable":true,"href":"https:\/\/igs-hf.org\/de\/wp-json\/wp\/v2\/users\/4"}],"replies":[{"embeddable":true,"href":"https:\/\/igs-hf.org\/de\/wp-json\/wp\/v2\/comments?post=3241"}],"version-history":[{"count":7,"href":"https:\/\/igs-hf.org\/de\/wp-json\/wp\/v2\/pages\/3241\/revisions"}],"predecessor-version":[{"id":3946,"href":"https:\/\/igs-hf.org\/de\/wp-json\/wp\/v2\/pages\/3241\/revisions\/3946"}],"wp:attachment":[{"href":"https:\/\/igs-hf.org\/de\/wp-json\/wp\/v2\/media?parent=3241"}],"curies":[{"name":"wp","href":"https:\/\/api.w.org\/{rel}","templated":true}]}}